{"id":42,"date":"2017-07-09T19:18:20","date_gmt":"2017-07-09T19:18:20","guid":{"rendered":"http:\/\/vessper.pl\/?page_id=42"},"modified":"2019-06-28T20:09:11","modified_gmt":"2019-06-28T20:09:11","slug":"wspolpraca","status":"publish","type":"page","link":"https:\/\/vessper.pl\/?page_id=42","title":{"rendered":"Wsp\u00f3\u0142praca"},"content":{"rendered":"<p>Podstaw\u0105 dobrej wsp\u00f3\u0142pracy jest dobry kontakt, uczciwo\u015b\u0107 i profesjonalizm w swojej dziedzinie.<\/p>\n<p><strong>Co powinni\u015bmy otrzyma\u0107 w celu szybkiej i dobrej realizacji zam\u00f3wienia?<\/strong><\/p>\n<ol>\n<li>W przypadku znakowania produkt\u00f3w metod\u0105 laserow\u0105 lub nadrukami (metod\u0105 tampondrukiem\/sitodrukiem\/UV\/sublimacj\u0105) przede wszystkim potrzebujemy logotyp zamieniony na krzywe, dzi\u0119ki temu wszystkie zawarte w nim czcionki nie zostan\u0105 pozamieniane na inne odpowiedniki.<\/li>\n<li>\u00a0Okre\u015bl umiejscowienie logotypu na przedmiocie oraz jego rozmiar.<\/li>\n<li>Dla nadruk\u00f3w metodami tampondruku i sitodruku nale\u017cy poda\u0107 kolory logotypu wed\u0142ug wzornika PANTONE.<\/li>\n<li>W przypadku znakowania laserem mo\u017cna dodatkowo okre\u015bli\u0107 g\u0142\u0119boko\u015b\u0107 grawerowania (dotyczy wykonywania matryc, stempli, grawerowania form wtryskowych).<\/li>\n<\/ol>\n<p>Pracujemy na najnowszym oprogramowaniu CorelDraw i dlatego wszystkie projekty najlepiej do nas wysy\u0142a\u0107 w formacie *.cdr .<\/p>\n<p>Wydruki 3D s\u0105 wykonywane na podstawie przes\u0142anych projekt\u00f3w w formacie *.stl<\/p>\n","protected":false},"excerpt":{"rendered":"<p>Podstaw\u0105 dobrej wsp\u00f3\u0142pracy jest dobry kontakt, uczciwo\u015b\u0107 i profesjonalizm w swojej dziedzinie. Co powinni\u015bmy otrzyma\u0107 w celu szybkiej i dobrej realizacji zam\u00f3wienia? W przypadku znakowania produkt\u00f3w metod\u0105 laserow\u0105 lub nadrukami (metod\u0105 tampondrukiem\/sitodrukiem\/UV\/sublimacj\u0105) przede wszystkim potrzebujemy logotyp zamieniony na krzywe, dzi\u0119ki temu wszystkie zawarte w nim czcionki nie zostan\u0105 pozamieniane na inne odpowiedniki. \u00a0Okre\u015bl umiejscowienie logotypu &hellip; <\/p>\n<p class=\"link-more\"><a href=\"https:\/\/vessper.pl\/?page_id=42\" class=\"more-link\">Czytaj dalej<span class=\"screen-reader-text\"> Wsp\u00f3\u0142praca<\/span><\/a><\/p>\n","protected":false},"author":1,"featured_media":9,"parent":0,"menu_order":0,"comment_status":"closed","ping_status":"closed","template":"","meta":{"footnotes":""},"class_list":["post-42","page","type-page","status-publish","has-post-thumbnail","hentry"],"yoast_head":"<!-- This site is optimized with the Yoast SEO plugin v16.1.1 - https:\/\/yoast.com\/wordpress\/plugins\/seo\/ -->\n<title>Wsp\u00f3\u0142praca &#8902; VESSPER<\/title>\n<link rel=\"canonical\" href=\"https:\/\/vessper.pl\/?page_id=42\" \/>\n<meta property=\"og:locale\" content=\"pl_PL\" \/>\n<meta property=\"og:type\" content=\"article\" \/>\n<meta property=\"og:title\" content=\"Wsp\u00f3\u0142praca &#8902; VESSPER\" \/>\n<meta property=\"og:description\" content=\"Podstaw\u0105 dobrej wsp\u00f3\u0142pracy jest dobry kontakt, uczciwo\u015b\u0107 i profesjonalizm w swojej dziedzinie. Co powinni\u015bmy otrzyma\u0107 w celu szybkiej i dobrej realizacji zam\u00f3wienia? W przypadku znakowania produkt\u00f3w metod\u0105 laserow\u0105 lub nadrukami (metod\u0105 tampondrukiem\/sitodrukiem\/UV\/sublimacj\u0105) przede wszystkim potrzebujemy logotyp zamieniony na krzywe, dzi\u0119ki temu wszystkie zawarte w nim czcionki nie zostan\u0105 pozamieniane na inne odpowiedniki. \u00a0Okre\u015bl umiejscowienie logotypu &hellip; Czytaj dalej Wsp\u00f3\u0142praca\" \/>\n<meta property=\"og:url\" content=\"https:\/\/vessper.pl\/?page_id=42\" \/>\n<meta property=\"og:site_name\" content=\"VESSPER\" \/>\n<meta property=\"article:modified_time\" content=\"2019-06-28T20:09:11+00:00\" \/>\n<meta property=\"og:image\" content=\"https:\/\/vessper.pl\/wp-content\/uploads\/2017\/07\/darmowe-zdjecia-biznesowe-06-1.jpg\" \/>\n\t<meta property=\"og:image:width\" content=\"1200\" \/>\n\t<meta property=\"og:image:height\" content=\"799\" \/>\n<meta name=\"twitter:card\" content=\"summary_large_image\" \/>\n<meta name=\"twitter:label1\" content=\"Szacowany czas czytania\">\n\t<meta name=\"twitter:data1\" content=\"1 minuta\">\n<script type=\"application\/ld+json\" class=\"yoast-schema-graph\">{\"@context\":\"https:\/\/schema.org\",\"@graph\":[{\"@type\":\"Organization\",\"@id\":\"https:\/\/vessper.pl\/#organization\",\"name\":\"VESSPER\",\"url\":\"https:\/\/vessper.pl\/\",\"sameAs\":[],\"logo\":{\"@type\":\"ImageObject\",\"@id\":\"https:\/\/vessper.pl\/#logo\",\"inLanguage\":\"pl-PL\",\"url\":\"https:\/\/vessper.pl\/wp-content\/uploads\/2017\/07\/vess_ts_mini-2.jpg\",\"contentUrl\":\"https:\/\/vessper.pl\/wp-content\/uploads\/2017\/07\/vess_ts_mini-2.jpg\",\"width\":368,\"height\":368,\"caption\":\"VESSPER\"},\"image\":{\"@id\":\"https:\/\/vessper.pl\/#logo\"}},{\"@type\":\"WebSite\",\"@id\":\"https:\/\/vessper.pl\/#website\",\"url\":\"https:\/\/vessper.pl\/\",\"name\":\"VESSPER\",\"description\":\"\",\"publisher\":{\"@id\":\"https:\/\/vessper.pl\/#organization\"},\"potentialAction\":[{\"@type\":\"SearchAction\",\"target\":\"https:\/\/vessper.pl\/?s={search_term_string}\",\"query-input\":\"required name=search_term_string\"}],\"inLanguage\":\"pl-PL\"},{\"@type\":\"ImageObject\",\"@id\":\"https:\/\/vessper.pl\/?page_id=42#primaryimage\",\"inLanguage\":\"pl-PL\",\"url\":\"https:\/\/vessper.pl\/wp-content\/uploads\/2017\/07\/darmowe-zdjecia-biznesowe-06-1.jpg\",\"contentUrl\":\"https:\/\/vessper.pl\/wp-content\/uploads\/2017\/07\/darmowe-zdjecia-biznesowe-06-1.jpg\",\"width\":1200,\"height\":799},{\"@type\":\"WebPage\",\"@id\":\"https:\/\/vessper.pl\/?page_id=42#webpage\",\"url\":\"https:\/\/vessper.pl\/?page_id=42\",\"name\":\"Wsp\\u00f3\\u0142praca &#8902; VESSPER\",\"isPartOf\":{\"@id\":\"https:\/\/vessper.pl\/#website\"},\"primaryImageOfPage\":{\"@id\":\"https:\/\/vessper.pl\/?page_id=42#primaryimage\"},\"datePublished\":\"2017-07-09T19:18:20+00:00\",\"dateModified\":\"2019-06-28T20:09:11+00:00\",\"breadcrumb\":{\"@id\":\"https:\/\/vessper.pl\/?page_id=42#breadcrumb\"},\"inLanguage\":\"pl-PL\",\"potentialAction\":[{\"@type\":\"ReadAction\",\"target\":[\"https:\/\/vessper.pl\/?page_id=42\"]}]},{\"@type\":\"BreadcrumbList\",\"@id\":\"https:\/\/vessper.pl\/?page_id=42#breadcrumb\",\"itemListElement\":[{\"@type\":\"ListItem\",\"position\":1,\"item\":{\"@type\":\"WebPage\",\"@id\":\"https:\/\/vessper.pl\/\",\"url\":\"https:\/\/vessper.pl\/\",\"name\":\"Strona g\\u0142\\u00f3wna\"}},{\"@type\":\"ListItem\",\"position\":2,\"item\":{\"@type\":\"WebPage\",\"@id\":\"https:\/\/vessper.pl\/?page_id=42\",\"url\":\"https:\/\/vessper.pl\/?page_id=42\",\"name\":\"Wsp\\u00f3\\u0142praca\"}}]}]}<\/script>\n<!-- \/ Yoast SEO plugin. -->","_links":{"self":[{"href":"https:\/\/vessper.pl\/index.php?rest_route=\/wp\/v2\/pages\/42","targetHints":{"allow":["GET"]}}],"collection":[{"href":"https:\/\/vessper.pl\/index.php?rest_route=\/wp\/v2\/pages"}],"about":[{"href":"https:\/\/vessper.pl\/index.php?rest_route=\/wp\/v2\/types\/page"}],"author":[{"embeddable":true,"href":"https:\/\/vessper.pl\/index.php?rest_route=\/wp\/v2\/users\/1"}],"replies":[{"embeddable":true,"href":"https:\/\/vessper.pl\/index.php?rest_route=%2Fwp%2Fv2%2Fcomments&post=42"}],"version-history":[{"count":4,"href":"https:\/\/vessper.pl\/index.php?rest_route=\/wp\/v2\/pages\/42\/revisions"}],"predecessor-version":[{"id":250,"href":"https:\/\/vessper.pl\/index.php?rest_route=\/wp\/v2\/pages\/42\/revisions\/250"}],"wp:featuredmedia":[{"embeddable":true,"href":"https:\/\/vessper.pl\/index.php?rest_route=\/wp\/v2\/media\/9"}],"wp:attachment":[{"href":"https:\/\/vessper.pl\/index.php?rest_route=%2Fwp%2Fv2%2Fmedia&parent=42"}],"curies":[{"name":"wp","href":"https:\/\/api.w.org\/{rel}","templated":true}]}}