{"id":12,"date":"2017-07-09T19:05:44","date_gmt":"2017-07-09T19:05:44","guid":{"rendered":"http:\/\/vessper.pl\/?page_id=12"},"modified":"2019-06-30T13:26:58","modified_gmt":"2019-06-30T13:26:58","slug":"o-firmie","status":"publish","type":"page","link":"https:\/\/vessper.pl\/","title":{"rendered":"O Firmie"},"content":{"rendered":"<p><strong>Kim jeste\u015bmy?<\/strong><\/p>\n<p style=\"text-align: left;\">VESSPER&nbsp;<em> to firma kt\u00f3ra powsta\u0142a w odpowiedzi na zapotrzebowanie rynku oczekuj\u0105cego solidnych i uczciwych partner\u00f3w biznesowych. Rozumiemy \u017ce ka\u017cdy Klient jest wyj\u0105tkowy, dlatego do ka\u017cdego zlecenia podchodzimy indywidualnie. Bezcenne do\u015bwiadczenie nabyte podczas wieloletnich realizacji przek\u0142ada si\u0119 na ko\u0144cowy efekt naszej pracy ale nie zwalnia nas z ci\u0105g\u0142ego rozwoju i dostosowywania si\u0119 do potrzeb rynku.&nbsp;<\/em><\/p>\n","protected":false},"excerpt":{"rendered":"<p>Kim jeste\u015bmy? VESSPER&nbsp; to firma kt\u00f3ra powsta\u0142a w odpowiedzi na zapotrzebowanie rynku oczekuj\u0105cego solidnych i uczciwych partner\u00f3w biznesowych. Rozumiemy \u017ce ka\u017cdy Klient jest wyj\u0105tkowy, dlatego do ka\u017cdego zlecenia podchodzimy indywidualnie. Bezcenne do\u015bwiadczenie nabyte podczas wieloletnich realizacji przek\u0142ada si\u0119 na ko\u0144cowy efekt naszej pracy ale nie zwalnia nas z ci\u0105g\u0142ego rozwoju i dostosowywania si\u0119 do potrzeb &hellip; <\/p>\n<p class=\"link-more\"><a href=\"https:\/\/vessper.pl\/\" class=\"more-link\">Czytaj dalej<span class=\"screen-reader-text\"> O Firmie<\/span><\/a><\/p>\n","protected":false},"author":1,"featured_media":0,"parent":0,"menu_order":0,"comment_status":"closed","ping_status":"closed","template":"","meta":{"footnotes":""},"class_list":["post-12","page","type-page","status-publish","hentry"],"yoast_head":"<!-- This site is optimized with the Yoast SEO plugin v16.1.1 - https:\/\/yoast.com\/wordpress\/plugins\/seo\/ -->\n<title>O Firmie &#8902; VESSPER<\/title>\n<meta name=\"description\" content=\"Solidnia i Godna Zaufania Firma z Bogatym Do\u015bwiadczeniem. Realizujemy Zlecenia Ma\u0142ych Firm jak i Globalnych Korporacji. Zapraszamy do Wsp\u00f3\u0142pracy.\" \/>\n<link rel=\"canonical\" href=\"https:\/\/vessper.pl\/\" \/>\n<meta property=\"og:locale\" content=\"pl_PL\" \/>\n<meta property=\"og:type\" content=\"article\" \/>\n<meta property=\"og:title\" content=\"O Firmie &#8902; VESSPER\" \/>\n<meta property=\"og:description\" content=\"Solidnia i Godna Zaufania Firma z Bogatym Do\u015bwiadczeniem. Realizujemy Zlecenia Ma\u0142ych Firm jak i Globalnych Korporacji. Zapraszamy do Wsp\u00f3\u0142pracy.\" \/>\n<meta property=\"og:url\" content=\"https:\/\/vessper.pl\/\" \/>\n<meta property=\"og:site_name\" content=\"VESSPER\" \/>\n<meta property=\"article:modified_time\" content=\"2019-06-30T13:26:58+00:00\" \/>\n<meta name=\"twitter:card\" content=\"summary_large_image\" \/>\n<script type=\"application\/ld+json\" class=\"yoast-schema-graph\">{\"@context\":\"https:\/\/schema.org\",\"@graph\":[{\"@type\":\"Organization\",\"@id\":\"https:\/\/vessper.pl\/#organization\",\"name\":\"VESSPER\",\"url\":\"https:\/\/vessper.pl\/\",\"sameAs\":[],\"logo\":{\"@type\":\"ImageObject\",\"@id\":\"https:\/\/vessper.pl\/#logo\",\"inLanguage\":\"pl-PL\",\"url\":\"https:\/\/vessper.pl\/wp-content\/uploads\/2017\/07\/vess_ts_mini-2.jpg\",\"contentUrl\":\"https:\/\/vessper.pl\/wp-content\/uploads\/2017\/07\/vess_ts_mini-2.jpg\",\"width\":368,\"height\":368,\"caption\":\"VESSPER\"},\"image\":{\"@id\":\"https:\/\/vessper.pl\/#logo\"}},{\"@type\":\"WebSite\",\"@id\":\"https:\/\/vessper.pl\/#website\",\"url\":\"https:\/\/vessper.pl\/\",\"name\":\"VESSPER\",\"description\":\"\",\"publisher\":{\"@id\":\"https:\/\/vessper.pl\/#organization\"},\"potentialAction\":[{\"@type\":\"SearchAction\",\"target\":\"https:\/\/vessper.pl\/?s={search_term_string}\",\"query-input\":\"required name=search_term_string\"}],\"inLanguage\":\"pl-PL\"},{\"@type\":\"WebPage\",\"@id\":\"https:\/\/vessper.pl\/#webpage\",\"url\":\"https:\/\/vessper.pl\/\",\"name\":\"O Firmie &#8902; VESSPER\",\"isPartOf\":{\"@id\":\"https:\/\/vessper.pl\/#website\"},\"datePublished\":\"2017-07-09T19:05:44+00:00\",\"dateModified\":\"2019-06-30T13:26:58+00:00\",\"description\":\"Solidnia i Godna Zaufania Firma z Bogatym Do\\u015bwiadczeniem. Realizujemy Zlecenia Ma\\u0142ych Firm jak i Globalnych Korporacji. Zapraszamy do Wsp\\u00f3\\u0142pracy.\",\"breadcrumb\":{\"@id\":\"https:\/\/vessper.pl\/#breadcrumb\"},\"inLanguage\":\"pl-PL\",\"potentialAction\":[{\"@type\":\"ReadAction\",\"target\":[\"https:\/\/vessper.pl\/\"]}]},{\"@type\":\"BreadcrumbList\",\"@id\":\"https:\/\/vessper.pl\/#breadcrumb\",\"itemListElement\":[{\"@type\":\"ListItem\",\"position\":1,\"item\":{\"@type\":\"WebPage\",\"@id\":\"https:\/\/vessper.pl\/\",\"url\":\"https:\/\/vessper.pl\/\",\"name\":\"Strona g\\u0142\\u00f3wna\"}},{\"@type\":\"ListItem\",\"position\":2,\"item\":{\"@type\":\"WebPage\",\"@id\":\"https:\/\/vessper.pl\/\",\"url\":\"https:\/\/vessper.pl\/\",\"name\":\"O Firmie\"}}]}]}<\/script>\n<!-- \/ Yoast SEO plugin. -->","_links":{"self":[{"href":"https:\/\/vessper.pl\/index.php?rest_route=\/wp\/v2\/pages\/12","targetHints":{"allow":["GET"]}}],"collection":[{"href":"https:\/\/vessper.pl\/index.php?rest_route=\/wp\/v2\/pages"}],"about":[{"href":"https:\/\/vessper.pl\/index.php?rest_route=\/wp\/v2\/types\/page"}],"author":[{"embeddable":true,"href":"https:\/\/vessper.pl\/index.php?rest_route=\/wp\/v2\/users\/1"}],"replies":[{"embeddable":true,"href":"https:\/\/vessper.pl\/index.php?rest_route=%2Fwp%2Fv2%2Fcomments&post=12"}],"version-history":[{"count":8,"href":"https:\/\/vessper.pl\/index.php?rest_route=\/wp\/v2\/pages\/12\/revisions"}],"predecessor-version":[{"id":255,"href":"https:\/\/vessper.pl\/index.php?rest_route=\/wp\/v2\/pages\/12\/revisions\/255"}],"wp:attachment":[{"href":"https:\/\/vessper.pl\/index.php?rest_route=%2Fwp%2Fv2%2Fmedia&parent=12"}],"curies":[{"name":"wp","href":"https:\/\/api.w.org\/{rel}","templated":true}]}}